{"id":305,"date":"2023-05-30T19:23:51","date_gmt":"2023-05-30T19:23:51","guid":{"rendered":"http:\/\/solbris.hr\/?page_id=305"},"modified":"2023-06-18T09:16:51","modified_gmt":"2023-06-18T09:16:51","slug":"trener-tenisa","status":"publish","type":"page","link":"https:\/\/solbris.hr\/?page_id=305","title":{"rendered":"TRENER TENISA"},"content":{"rendered":"\n<p><\/p>\n\n\n\n<p>Na na\u0161im teniskim terenima, raditi \u0107e renomirani trener tenisa, Robert Vadnjal (za sve upite kontakt mob.,+385919413641).  <\/p>\n\n\n\n<p>Cjenik te\u010daja i privatnih satova pogledajte ispod u dokumentu.  <\/p>\n\n\n\n<div data-wp-interactive=\"core\/file\" class=\"wp-block-file\"><object data-wp-bind--hidden=\"!state.hasPdfPreview\" hidden class=\"wp-block-file__embed\" data=\"https:\/\/solbris.hr\/wp-content\/uploads\/2023\/06\/tecaj-privatni-sati.pdf\" type=\"application\/pdf\" style=\"width:100%;height:600px\" aria-label=\"Embed of tecaj-privatni-sati.\"><\/object><a id=\"wp-block-file--media-288091f8-10dd-4b90-b11e-ad66baf3752a\" href=\"https:\/\/solbris.hr\/wp-content\/uploads\/2023\/06\/tecaj-privatni-sati.pdf\">tecaj-privatni-sati<\/a><a href=\"https:\/\/solbris.hr\/wp-content\/uploads\/2023\/06\/tecaj-privatni-sati.pdf\" class=\"wp-block-file__button wp-element-button\" download aria-describedby=\"wp-block-file--media-288091f8-10dd-4b90-b11e-ad66baf3752a\">Download<\/a><\/div>\n\n\n\n<div data-wp-interactive=\"core\/file\" class=\"wp-block-file\"><object data-wp-bind--hidden=\"!state.hasPdfPreview\" hidden class=\"wp-block-file__embed\" data=\"https:\/\/solbris.hr\/wp-content\/uploads\/2023\/06\/cv-Robert-Vadnjal.pdf\" type=\"application\/pdf\" style=\"width:100%;height:600px\" aria-label=\"Embed of cv-Robert-Vadnjal.\"><\/object><a id=\"wp-block-file--media-621ddcc0-ca18-4fd2-b7fd-d0c34adf7629\" href=\"https:\/\/solbris.hr\/wp-content\/uploads\/2023\/06\/cv-Robert-Vadnjal.pdf\">cv-Robert-Vadnjal<\/a><a href=\"https:\/\/solbris.hr\/wp-content\/uploads\/2023\/06\/cv-Robert-Vadnjal.pdf\" class=\"wp-block-file__button wp-element-button\" download aria-describedby=\"wp-block-file--media-621ddcc0-ca18-4fd2-b7fd-d0c34adf7629\">Download<\/a><\/div>\n","protected":false},"excerpt":{"rendered":"<p>Na na\u0161im teniskim terenima, raditi \u0107e renomirani trener tenisa, Robert Vadnjal (za sve upite kontakt mob.,+385919413641). Cjenik te\u010daja i privatnih satova pogledajte ispod u dokumentu.<\/p>\n","protected":false},"author":2,"featured_media":0,"parent":52,"menu_order":1,"comment_status":"closed","ping_status":"closed","template":"","meta":{"_eb_attr":"","site-sidebar-layout":"default","site-content-layout":"","ast-site-content-layout":"","site-content-style":"default","site-sidebar-style":"default","ast-global-header-display":"","ast-banner-title-visibility":"","ast-main-header-display":"","ast-hfb-above-header-display":"","ast-hfb-below-header-display":"","ast-hfb-mobile-header-display":"","site-post-title":"","ast-breadcrumbs-content":"","ast-featured-img":"","footer-sml-layout":"","theme-transparent-header-meta":"","adv-header-id-meta":"","stick-header-meta":"","header-above-stick-meta":"","header-main-stick-meta":"","header-below-stick-meta":"","astra-migrate-meta-layouts":"default","ast-page-background-enabled":"default","ast-page-background-meta":{"desktop":{"background-color":"var(--ast-global-color-4)","background-image":"","background-repeat":"repeat","background-position":"center center","background-size":"auto","background-attachment":"scroll","background-type":"","background-media":"","overlay-type":"","overlay-color":"","overlay-opacity":"","overlay-gradient":""},"tablet":{"background-color":"","background-image":"","background-repeat":"repeat","background-position":"center center","background-size":"auto","background-attachment":"scroll","background-type":"","background-media":"","overlay-type":"","overlay-color":"","overlay-opacity":"","overlay-gradient":""},"mobile":{"background-color":"","background-image":"","background-repeat":"repeat","background-position":"center center","background-size":"auto","background-attachment":"scroll","background-type":"","background-media":"","overlay-type":"","overlay-color":"","overlay-opacity":"","overlay-gradient":""}},"ast-content-background-meta":{"desktop":{"background-color":"var(--ast-global-color-5)","background-image":"","background-repeat":"repeat","background-position":"center center","background-size":"auto","background-attachment":"scroll","background-type":"","background-media":"","overlay-type":"","overlay-color":"","overlay-opacity":"","overlay-gradient":""},"tablet":{"background-color":"var(--ast-global-color-5)","background-image":"","background-repeat":"repeat","background-position":"center center","background-size":"auto","background-attachment":"scroll","background-type":"","background-media":"","overlay-type":"","overlay-color":"","overlay-opacity":"","overlay-gradient":""},"mobile":{"background-color":"var(--ast-global-color-5)","background-image":"","background-repeat":"repeat","background-position":"center center","background-size":"auto","background-attachment":"scroll","background-type":"","background-media":"","overlay-type":"","overlay-color":"","overlay-opacity":"","overlay-gradient":""}},"footnotes":""},"class_list":["post-305","page","type-page","status-publish","hentry"],"_links":{"self":[{"href":"https:\/\/solbris.hr\/index.php?rest_route=\/wp\/v2\/pages\/305","targetHints":{"allow":["GET"]}}],"collection":[{"href":"https:\/\/solbris.hr\/index.php?rest_route=\/wp\/v2\/pages"}],"about":[{"href":"https:\/\/solbris.hr\/index.php?rest_route=\/wp\/v2\/types\/page"}],"author":[{"embeddable":true,"href":"https:\/\/solbris.hr\/index.php?rest_route=\/wp\/v2\/users\/2"}],"replies":[{"embeddable":true,"href":"https:\/\/solbris.hr\/index.php?rest_route=%2Fwp%2Fv2%2Fcomments&post=305"}],"version-history":[{"count":7,"href":"https:\/\/solbris.hr\/index.php?rest_route=\/wp\/v2\/pages\/305\/revisions"}],"predecessor-version":[{"id":484,"href":"https:\/\/solbris.hr\/index.php?rest_route=\/wp\/v2\/pages\/305\/revisions\/484"}],"up":[{"embeddable":true,"href":"https:\/\/solbris.hr\/index.php?rest_route=\/wp\/v2\/pages\/52"}],"wp:attachment":[{"href":"https:\/\/solbris.hr\/index.php?rest_route=%2Fwp%2Fv2%2Fmedia&parent=305"}],"curies":[{"name":"wp","href":"https:\/\/api.w.org\/{rel}","templated":true}]}}