{"id":50,"date":"2023-04-26T22:07:28","date_gmt":"2023-04-26T22:07:28","guid":{"rendered":"http:\/\/solbris.hr\/?page_id=50"},"modified":"2023-06-08T20:05:05","modified_gmt":"2023-06-08T20:05:05","slug":"dvorana","status":"publish","type":"page","link":"https:\/\/solbris.hr\/?page_id=50","title":{"rendered":"Dvorana"},"content":{"rendered":"\n<div class=\"inherit-container-width wp-block-group alignfull is-layout-constrained wp-container-core-group-is-layout-c610529f wp-block-group-is-layout-constrained\" style=\"padding-top:0px;padding-right:0px;padding-bottom:0px;padding-left:0px\">\n<div class=\"wp-block-essential-blocks-slider\"><div class=\"eb-parent-wrapper eb-parent-eb-slider-0dzeybp \"><div class=\"eb-slider-wrapper eb-slider-0dzeybp\" data-settings=\"{&quot;arrows&quot;:true,&quot;adaptiveHeight&quot;:false,&quot;autoplay&quot;:true,&quot;autoplaySpeed&quot;:3000,&quot;dots&quot;:true,&quot;fade&quot;:false,&quot;infinite&quot;:true,&quot;pauseOnHover&quot;:true,&quot;slidesToShow&quot;:1,&quot;speed&quot;:500,&quot;initialSlide&quot;:0,&quot;vertical&quot;:false,&quot;responsive&quot;:[{&quot;breakpoint&quot;:1025,&quot;settings&quot;:{&quot;slidesToShow&quot;:1}},{&quot;breakpoint&quot;:767,&quot;settings&quot;:{&quot;slidesToShow&quot;:1}}]}\" data-images=\"[{&quot;url&quot;:&quot;https:\/\/solbris.hr\/wp-content\/uploads\/2023\/05\/VHUTE7573.jpeg&quot;,&quot;alt&quot;:&quot;&quot;,&quot;id&quot;:0,&quot;imageId&quot;:183,&quot;caption&quot;:&quot;&quot;,&quot;title&quot;:&quot;Slider 1&quot;,&quot;subtitle&quot;:&quot;Essential Blocks Slider Subtitle&quot;,&quot;showButton&quot;:true,&quot;buttonText&quot;:&quot;See More&quot;,&quot;buttonUrl&quot;:&quot;&quot;,&quot;openNewTab&quot;:false,&quot;isValidUrl&quot;:true},{&quot;url&quot;:&quot;https:\/\/solbris.hr\/wp-content\/uploads\/2023\/05\/KOWI2065.jpeg&quot;,&quot;alt&quot;:&quot;&quot;,&quot;id&quot;:1,&quot;imageId&quot;:179,&quot;caption&quot;:&quot;&quot;,&quot;title&quot;:&quot;Slider 2&quot;,&quot;subtitle&quot;:&quot;Essential Blocks Slider Subtitle&quot;,&quot;showButton&quot;:true,&quot;buttonText&quot;:&quot;See More&quot;,&quot;buttonUrl&quot;:&quot;&quot;,&quot;openNewTab&quot;:false,&quot;isValidUrl&quot;:true},{&quot;url&quot;:&quot;https:\/\/solbris.hr\/wp-content\/uploads\/2023\/05\/IMG_2001.jpeg&quot;,&quot;alt&quot;:&quot;&quot;,&quot;id&quot;:2,&quot;imageId&quot;:167,&quot;caption&quot;:&quot;&quot;,&quot;title&quot;:&quot;Slider 3&quot;,&quot;subtitle&quot;:&quot;Essential Blocks Slider Subtitle&quot;,&quot;showButton&quot;:true,&quot;buttonText&quot;:&quot;See More&quot;,&quot;buttonUrl&quot;:&quot;&quot;,&quot;openNewTab&quot;:false,&quot;isValidUrl&quot;:true}]\" data-slidercontenttype=\"content-1\" data-slidertype=\"image\" data-textalign=\"left\"><div class=\"image\"><div class=\"eb-slider-item content-1\"><img decoding=\"async\" class=\"eb-slider-image\" src=\"https:\/\/solbris.hr\/wp-content\/uploads\/2023\/05\/VHUTE7573.jpeg\"\/><\/div><div class=\"eb-slider-item content-1\"><img decoding=\"async\" class=\"eb-slider-image\" src=\"https:\/\/solbris.hr\/wp-content\/uploads\/2023\/05\/KOWI2065.jpeg\"\/><\/div><div class=\"eb-slider-item content-1\"><img decoding=\"async\" class=\"eb-slider-image\" src=\"https:\/\/solbris.hr\/wp-content\/uploads\/2023\/05\/IMG_2001.jpeg\"\/><\/div><\/div><\/div><\/div><\/div>\n\n\n\n<div class=\"inherit-container-width wp-block-group alignwide is-layout-constrained wp-block-group-is-layout-constrained\">\n<div class=\"inherit-container-width wp-block-group is-layout-constrained wp-block-group-is-layout-constrained\">\n<div class=\"wp-block-columns is-layout-flex wp-container-core-columns-is-layout-28f84493 wp-block-columns-is-layout-flex\">\n<div class=\"wp-block-column is-layout-flow wp-block-column-is-layout-flow\" style=\"flex-basis:100%\">\n<div class=\"wp-block-essential-blocks-image-gallery alignwide\"><div class=\"eb-parent-wrapper eb-parent-eb-image-gallery-h0us9wv \"><div class=\"eb-gallery-img-wrapper eb-image-gallery-h0us9wv grid overlay-bottom caption-style-0  \" data-id=\"eb-image-gallery-h0us9wv\"><a href=\"https:\/\/solbris.hr\/wp-content\/uploads\/2023\/05\/IMG_1939.jpeg\" id=\"eb-gallery-img-content\" data-fslightbox=\"gallery\" data-type=\"image\" class=\"eb-gallery-img-content eb-filter-img-\"><span class=\"eb-gallery-link-wrapper\"><img decoding=\"async\" class=\"eb-gallery-img\" src=\"https:\/\/solbris.hr\/wp-content\/uploads\/2023\/05\/IMG_1939.jpeg\" image-index=\"0\"\/><\/span><\/a><a href=\"https:\/\/solbris.hr\/wp-content\/uploads\/2023\/05\/IMG_1919.jpeg\" id=\"eb-gallery-img-content\" data-fslightbox=\"gallery\" data-type=\"image\" class=\"eb-gallery-img-content eb-filter-img-\"><span class=\"eb-gallery-link-wrapper\"><img decoding=\"async\" class=\"eb-gallery-img\" src=\"https:\/\/solbris.hr\/wp-content\/uploads\/2023\/05\/IMG_1919.jpeg\" image-index=\"1\"\/><\/span><\/a><a href=\"https:\/\/solbris.hr\/wp-content\/uploads\/2023\/05\/IMG_1909.jpeg\" id=\"eb-gallery-img-content\" data-fslightbox=\"gallery\" data-type=\"image\" class=\"eb-gallery-img-content eb-filter-img-\"><span class=\"eb-gallery-link-wrapper\"><img decoding=\"async\" class=\"eb-gallery-img\" src=\"https:\/\/solbris.hr\/wp-content\/uploads\/2023\/05\/IMG_1909.jpeg\" image-index=\"2\"\/><\/span><\/a><\/div><\/div><\/div>\n<\/div>\n<\/div>\n<\/div>\n<\/div>\n<\/div>\n\n\n\n<div class=\"inherit-container-width wp-block-group is-layout-constrained wp-block-group-is-layout-constrained\">\n<p>U na\u0161oj dvorani mo\u017eete izabrati izme\u0111u grupnog treninga (do max. 6 osoba), poluindividualnog (treninga 2-1) i individualnog pristupa (1-1). Na kraju treninga ili u pauzi mo\u017eete predahnuti na velikoj terasi sa pogledom na zelenilo i teniske terene. Dvorana je opremljena sa Assault trena\u017eerima za kardio trening, kavezima, olimpijskim \u0161ipkama, utezima, girjama, bu\u010dicama, medicinskim, slamball loptama, pilates loptama i ostalim manjim rekvizitima.&nbsp;&nbsp;&nbsp;<\/p>\n\n\n\n<p>Temelj funkcionalnog treninga je kvalitetan izbor vje\u017ebi za svakoga pojedinca. Fokus svakog treninga je na izvo\u0111enju kvalitetnog pokreta, odnosno na savladavanju osnovnog pokreta prije prelaska na progresiju.&nbsp;<\/p>\n\n\n\n<p>Bilo da \u017eelite unaprijediti svoje zdravlje i smanjiti bolna stanja, oblikovati tijelo ili izgubiti vi\u0161ak masnoga tkiva, izgraditi kvalitetnu muskulaturu, vratiti se u formu nakon poroda ili unaprijediti svoju tjelesnu formu obratite nam se&nbsp; s povjerenjem.<\/p>\n<\/div>\n","protected":false},"excerpt":{"rendered":"<p>U na\u0161oj dvorani mo\u017eete izabrati izme\u0111u grupnog treninga (do max. 6 osoba), poluindividualnog (treninga 2-1) i individualnog pristupa (1-1). Na kraju treninga ili u pauzi mo\u017eete predahnuti na velikoj terasi sa pogledom na zelenilo i teniske terene. Dvorana je opremljena sa Assault trena\u017eerima za kardio trening, kavezima, olimpijskim \u0161ipkama, utezima, girjama, bu\u010dicama, medicinskim, slamball loptama, [&hellip;]<\/p>\n","protected":false},"author":1,"featured_media":0,"parent":0,"menu_order":0,"comment_status":"closed","ping_status":"closed","template":"","meta":{"_eb_attr":"","site-sidebar-layout":"default","site-content-layout":"","ast-site-content-layout":"","site-content-style":"default","site-sidebar-style":"default","ast-global-header-display":"","ast-banner-title-visibility":"","ast-main-header-display":"","ast-hfb-above-header-display":"","ast-hfb-below-header-display":"","ast-hfb-mobile-header-display":"","site-post-title":"","ast-breadcrumbs-content":"","ast-featured-img":"","footer-sml-layout":"","theme-transparent-header-meta":"","adv-header-id-meta":"","stick-header-meta":"","header-above-stick-meta":"","header-main-stick-meta":"","header-below-stick-meta":"","astra-migrate-meta-layouts":"default","ast-page-background-enabled":"default","ast-page-background-meta":{"desktop":{"background-color":"var(--ast-global-color-4)","background-image":"","background-repeat":"repeat","background-position":"center center","background-size":"auto","background-attachment":"scroll","background-type":"","background-media":"","overlay-type":"","overlay-color":"","overlay-opacity":"","overlay-gradient":""},"tablet":{"background-color":"","background-image":"","background-repeat":"repeat","background-position":"center center","background-size":"auto","background-attachment":"scroll","background-type":"","background-media":"","overlay-type":"","overlay-color":"","overlay-opacity":"","overlay-gradient":""},"mobile":{"background-color":"","background-image":"","background-repeat":"repeat","background-position":"center center","background-size":"auto","background-attachment":"scroll","background-type":"","background-media":"","overlay-type":"","overlay-color":"","overlay-opacity":"","overlay-gradient":""}},"ast-content-background-meta":{"desktop":{"background-color":"var(--ast-global-color-5)","background-image":"","background-repeat":"repeat","background-position":"center center","background-size":"auto","background-attachment":"scroll","background-type":"","background-media":"","overlay-type":"","overlay-color":"","overlay-opacity":"","overlay-gradient":""},"tablet":{"background-color":"var(--ast-global-color-5)","background-image":"","background-repeat":"repeat","background-position":"center center","background-size":"auto","background-attachment":"scroll","background-type":"","background-media":"","overlay-type":"","overlay-color":"","overlay-opacity":"","overlay-gradient":""},"mobile":{"background-color":"var(--ast-global-color-5)","background-image":"","background-repeat":"repeat","background-position":"center center","background-size":"auto","background-attachment":"scroll","background-type":"","background-media":"","overlay-type":"","overlay-color":"","overlay-opacity":"","overlay-gradient":""}},"footnotes":""},"class_list":["post-50","page","type-page","status-publish","hentry"],"_links":{"self":[{"href":"https:\/\/solbris.hr\/index.php?rest_route=\/wp\/v2\/pages\/50","targetHints":{"allow":["GET"]}}],"collection":[{"href":"https:\/\/solbris.hr\/index.php?rest_route=\/wp\/v2\/pages"}],"about":[{"href":"https:\/\/solbris.hr\/index.php?rest_route=\/wp\/v2\/types\/page"}],"author":[{"embeddable":true,"href":"https:\/\/solbris.hr\/index.php?rest_route=\/wp\/v2\/users\/1"}],"replies":[{"embeddable":true,"href":"https:\/\/solbris.hr\/index.php?rest_route=%2Fwp%2Fv2%2Fcomments&post=50"}],"version-history":[{"count":24,"href":"https:\/\/solbris.hr\/index.php?rest_route=\/wp\/v2\/pages\/50\/revisions"}],"predecessor-version":[{"id":446,"href":"https:\/\/solbris.hr\/index.php?rest_route=\/wp\/v2\/pages\/50\/revisions\/446"}],"wp:attachment":[{"href":"https:\/\/solbris.hr\/index.php?rest_route=%2Fwp%2Fv2%2Fmedia&parent=50"}],"curies":[{"name":"wp","href":"https:\/\/api.w.org\/{rel}","templated":true}]}}